{"id":727,"date":"2018-07-23T20:27:09","date_gmt":"2018-07-23T19:27:09","guid":{"rendered":"http:\/\/samtalsomcirklar.se\/?page_id=727"},"modified":"2023-02-03T08:54:48","modified_gmt":"2023-02-03T07:54:48","slug":"gdpr","status":"publish","type":"page","link":"https:\/\/samtalsomcirklar.se\/?page_id=727","title":{"rendered":"GDPR"},"content":{"rendered":"<p><strong>General Data Protection Regulation &#8211; GDPR<\/strong><\/p>\n<p>GDPR tr\u00e4dde i kraft den 25 maj 2018 och reglerar hur f\u00f6retag anv\u00e4nder personuppgifter.<\/p>\n<p>Samtal som Cirklar AB\u00a0sparar kontaktuppgifter, som mail och telefonnummer till uppdragsgivare, f\u00f6r att kunna uppfylla ing\u00e5ngna\u00a0avtal. Uppgifterna finns dels i f\u00f6retagets\u00a0kundregister, dels i mobilens kontaktuppgifter. Uppgifterna sparas i ett par\u00a0\u00e5r efter avslutat uppdrag, f\u00f6r att exempelvis kunna be om referenser p\u00e5 utf\u00f6rda uppdrag.<\/p>\n<p>Ekonomiska handlingar (exempelvis fakturor med\u00a0fakturaadresser) sparas s\u00e5 l\u00e4nge som bokf\u00f6ringslagen kr\u00e4ver, dvs i sju \u00e5r. Ing\u00e5ngna avtal\u00a0sparas tills vidare.<\/p>\n<p>Jag sparar \u00e4ven namn (oftast endast f\u00f6rnamn) p\u00e5 gruppdeltagare i mina anteckningsb\u00f6cker, f\u00f6r att exempelvis kunna skriva intyg om deltagande i handledning p\u00e5 beg\u00e4ran av gruppdeltagaren. Dessa uppgifter sparar jag tills uppdraget avslutas, d\u00e4refter destrueras skrivb\u00f6ckerna.<\/p>\n<p>I vissa fall ber jag om och sparar \u00e4ven kontaktuppgifter\u00a0till gruppdeltagare (i anteckningsbok och\/eller i mobiltelefonen), f\u00f6r att kunna komma i kontakt vid exempelvis f\u00f6rseningar. Jag raderar dessa uppgifter n\u00e4r jag inte handleder gruppdeltagaren\u00a0l\u00e4ngre.<\/p>\n<p>Inga personuppgifter l\u00e4mnas vidare till n\u00e5gon annan &#8211; om vi inte kommit \u00f6verens om det.<\/p>\n<p>Om du inte vill att jag sparar dina personuppgifter \u00e4r du sj\u00e4lvklart\u00a0v\u00e4lkommen att kontakta mig s\u00e5 raderar jag dem. Ring eller messa 0768083628 eller maila!<\/p>\n","protected":false},"excerpt":{"rendered":"<p>General Data Protection Regulation &#8211; GDPR GDPR tr\u00e4dde i kraft den 25 maj 2018 och reglerar hur f\u00f6retag anv\u00e4nder personuppgifter. Samtal som Cirklar AB\u00a0sparar kontaktuppgifter, som mail och telefonnummer till uppdragsgivare, f\u00f6r att kunna uppfylla ing\u00e5ngna\u00a0avtal. Uppgifterna finns dels i &hellip; <a href=\"https:\/\/samtalsomcirklar.se\/?page_id=727\">Forts\u00e4tt l\u00e4sa <span class=\"meta-nav\">&rarr;<\/span><\/a><\/p>\n","protected":false},"author":1,"featured_media":0,"parent":73,"menu_order":1,"comment_status":"closed","ping_status":"closed","template":"","meta":{"footnotes":""},"class_list":["post-727","page","type-page","status-publish","hentry"],"_links":{"self":[{"href":"https:\/\/samtalsomcirklar.se\/index.php?rest_route=\/wp\/v2\/pages\/727"}],"collection":[{"href":"https:\/\/samtalsomcirklar.se\/index.php?rest_route=\/wp\/v2\/pages"}],"about":[{"href":"https:\/\/samtalsomcirklar.se\/index.php?rest_route=\/wp\/v2\/types\/page"}],"author":[{"embeddable":true,"href":"https:\/\/samtalsomcirklar.se\/index.php?rest_route=\/wp\/v2\/users\/1"}],"replies":[{"embeddable":true,"href":"https:\/\/samtalsomcirklar.se\/index.php?rest_route=%2Fwp%2Fv2%2Fcomments&post=727"}],"version-history":[{"count":5,"href":"https:\/\/samtalsomcirklar.se\/index.php?rest_route=\/wp\/v2\/pages\/727\/revisions"}],"predecessor-version":[{"id":858,"href":"https:\/\/samtalsomcirklar.se\/index.php?rest_route=\/wp\/v2\/pages\/727\/revisions\/858"}],"up":[{"embeddable":true,"href":"https:\/\/samtalsomcirklar.se\/index.php?rest_route=\/wp\/v2\/pages\/73"}],"wp:attachment":[{"href":"https:\/\/samtalsomcirklar.se\/index.php?rest_route=%2Fwp%2Fv2%2Fmedia&parent=727"}],"curies":[{"name":"wp","href":"https:\/\/api.w.org\/{rel}","templated":true}]}}