{"id":569,"date":"2015-11-11T22:28:02","date_gmt":"2015-11-11T21:28:02","guid":{"rendered":"http:\/\/samtalsomcirklar.se\/?page_id=569"},"modified":"2026-01-26T16:14:47","modified_gmt":"2026-01-26T15:14:47","slug":"erbjudande-samtal-som-cirklar","status":"publish","type":"page","link":"https:\/\/samtalsomcirklar.se\/","title":{"rendered":"Handledning"},"content":{"rendered":"<p><img loading=\"lazy\" decoding=\"async\" class=\"alignright  wp-image-716\" src=\"https:\/\/samtalsomcirklar.se\/wp-content\/uploads\/2015\/11\/IMG_7548-150x150.jpg\" alt=\"Helena\" width=\"127\" height=\"127\" \/>Jag erbjuder handledning i psykosocialt arbete till yrkesverksamma inom socialtj\u00e4nst, skola eller i andra m\u00e4nniskov\u00e5rdande yrken som har behov av st\u00f6d att hantera m\u00e4nskliga m\u00f6ten och dilemman i arbetet.<\/p>\n<p><strong>Vad \u00e4r handledning?<\/strong><\/p>\n<p>Handledning \u00e4r ett st\u00f6d f\u00f6r att:<\/p>\n<ul>\n<li><em>k\u00e4nna sig b\u00e4ttre<\/em> &#8211; genom att dela erfarenheter och f\u00e5 bekr\u00e4ftelse<\/li>\n<li><em>m\u00e5 b\u00e4ttre<\/em> &#8211; genom en \u00f6kad k\u00e4nsla av sammanhang<\/li>\n<li><em>bli b\u00e4ttre<\/em> &#8211; genom reflektion \u00f6ver dilemman i yrkespraktiken<\/li>\n<\/ul>\n<p>Handledningssamtalet ska vara lagom annorlunda j\u00e4mf\u00f6rt med andra samtal du har p\u00e5 jobbet, f\u00f6r att ge m\u00f6jlighet att utforska nya v\u00e4gar.<\/p>\n<p><strong>Vem \u00e4r jag?<\/strong><\/p>\n<p>Jag heter Helena Isberg Malmg\u00e5rd och \u00e4r auktoriserad socionom och handledare. Stockholm \u00e4r min bas och jag \u00e4r medlem i konsultn\u00e4tverket <a href=\"https:\/\/mareld.se\/konsultnatverk\/\" target=\"_blank\" rel=\"noopener noreferrer\">Mareld<\/a>. Min grundsyn \u00e4r systemteoretisk och relationell. Du kan inte f\u00f6r\u00e4ndra n\u00e5gon annan, bara vad du sj\u00e4lv g\u00f6r. Det kan i sin tur f\u00f6r\u00e4ndra n\u00e5gon annan!<\/p>\n","protected":false},"excerpt":{"rendered":"<p>Jag erbjuder handledning i psykosocialt arbete till yrkesverksamma inom socialtj\u00e4nst, skola eller i andra m\u00e4nniskov\u00e5rdande yrken som har behov av st\u00f6d att hantera m\u00e4nskliga m\u00f6ten och dilemman i arbetet. Vad \u00e4r handledning? Handledning \u00e4r ett st\u00f6d f\u00f6r att: k\u00e4nna sig &hellip; <a href=\"https:\/\/samtalsomcirklar.se\/\">Forts\u00e4tt l\u00e4sa <span class=\"meta-nav\">&rarr;<\/span><\/a><\/p>\n","protected":false},"author":1,"featured_media":0,"parent":0,"menu_order":0,"comment_status":"closed","ping_status":"closed","template":"","meta":{"footnotes":""},"class_list":["post-569","page","type-page","status-publish","hentry"],"_links":{"self":[{"href":"https:\/\/samtalsomcirklar.se\/index.php?rest_route=\/wp\/v2\/pages\/569"}],"collection":[{"href":"https:\/\/samtalsomcirklar.se\/index.php?rest_route=\/wp\/v2\/pages"}],"about":[{"href":"https:\/\/samtalsomcirklar.se\/index.php?rest_route=\/wp\/v2\/types\/page"}],"author":[{"embeddable":true,"href":"https:\/\/samtalsomcirklar.se\/index.php?rest_route=\/wp\/v2\/users\/1"}],"replies":[{"embeddable":true,"href":"https:\/\/samtalsomcirklar.se\/index.php?rest_route=%2Fwp%2Fv2%2Fcomments&post=569"}],"version-history":[{"count":36,"href":"https:\/\/samtalsomcirklar.se\/index.php?rest_route=\/wp\/v2\/pages\/569\/revisions"}],"predecessor-version":[{"id":990,"href":"https:\/\/samtalsomcirklar.se\/index.php?rest_route=\/wp\/v2\/pages\/569\/revisions\/990"}],"wp:attachment":[{"href":"https:\/\/samtalsomcirklar.se\/index.php?rest_route=%2Fwp%2Fv2%2Fmedia&parent=569"}],"curies":[{"name":"wp","href":"https:\/\/api.w.org\/{rel}","templated":true}]}}