{"id":32,"date":"2012-10-28T14:49:29","date_gmt":"2012-10-28T13:49:29","guid":{"rendered":"http:\/\/samtalsomcirklar.se\/?page_id=32"},"modified":"2024-03-08T17:58:53","modified_gmt":"2024-03-08T16:58:53","slug":"samtal-som-cirklar","status":"publish","type":"page","link":"https:\/\/samtalsomcirklar.se\/?page_id=32","title":{"rendered":"Samtal som Cirklar"},"content":{"rendered":"<p><img loading=\"lazy\" decoding=\"async\" class=\"alignright size-thumbnail wp-image-966\" src=\"https:\/\/samtalsomcirklar.se\/wp-content\/uploads\/2024\/03\/Lageraska-150x150.png\" alt=\"\" width=\"150\" height=\"150\" \/>F\u00f6retagsnamnet <em>Samtal som Cirklar<\/em> \u00e4r inspirerat av id\u00e9n om hur m\u00e4nniskor samlats runt l\u00e4gerelden i \u00a0tusentals \u00e5r f\u00f6r viktiga samtal och ber\u00e4ttelser.<\/p>\n<p>Samtal som cirklar r\u00f6r sig runt, fram och tillbaka. S\u00e5 sm\u00e5ningom kommer vi till cirkelns mitt, k\u00e4rnpunkten. I handledning och i samtal kring sv\u00e5ra teman \u00e4r det viktigt att f\u00e5 f\u00f6ra samtalet till punkt, tills cirkeln \u00e4r sluten.<\/p>\n<p>Ibland g\u00e5r vi som katten runt het gr\u00f6t och handledning kan d\u00e5 vara till hj\u00e4lp f\u00f6r att v\u00e5ga n\u00e4rma sig det som br\u00e4nns. Ett samtal kan f\u00f6ras p\u00e5 flera s\u00e4tt och med olika verktyg och metoder som \u00f6ppnar upp och f\u00f6rdjupar. En bra metod f\u00f6r att alla ska f\u00e5 komma till tals \u00e4r att prata i rundor.<\/p>\n<p>Goda samtal kan dessutom ge ringar p\u00e5 vattnet, med vilket jag menar att de kan ge st\u00f6rre effekter \u00e4n sj\u00e4lva samtalet i sig.<\/p>\n<p><img loading=\"lazy\" decoding=\"async\" class=\"aligncenter size-large wp-image-963\" src=\"https:\/\/samtalsomcirklar.se\/wp-content\/uploads\/2024\/03\/Ringar-pa-vattnet-1024x501.png\" alt=\"Ringar p\u00e5 vattnet\" width=\"640\" height=\"313\" srcset=\"https:\/\/samtalsomcirklar.se\/wp-content\/uploads\/2024\/03\/Ringar-pa-vattnet-1024x501.png 1024w, https:\/\/samtalsomcirklar.se\/wp-content\/uploads\/2024\/03\/Ringar-pa-vattnet-300x147.png 300w, https:\/\/samtalsomcirklar.se\/wp-content\/uploads\/2024\/03\/Ringar-pa-vattnet-768x376.png 768w, https:\/\/samtalsomcirklar.se\/wp-content\/uploads\/2024\/03\/Ringar-pa-vattnet.png 1492w\" sizes=\"(max-width: 640px) 100vw, 640px\" \/><\/p>\n","protected":false},"excerpt":{"rendered":"<p>F\u00f6retagsnamnet Samtal som Cirklar \u00e4r inspirerat av id\u00e9n om hur m\u00e4nniskor samlats runt l\u00e4gerelden i \u00a0tusentals \u00e5r f\u00f6r viktiga samtal och ber\u00e4ttelser. Samtal som cirklar r\u00f6r sig runt, fram och tillbaka. S\u00e5 sm\u00e5ningom kommer vi till cirkelns mitt, k\u00e4rnpunkten. I &hellip; <a href=\"https:\/\/samtalsomcirklar.se\/?page_id=32\">Forts\u00e4tt l\u00e4sa <span class=\"meta-nav\">&rarr;<\/span><\/a><\/p>\n","protected":false},"author":1,"featured_media":0,"parent":0,"menu_order":0,"comment_status":"closed","ping_status":"closed","template":"","meta":{"footnotes":""},"class_list":["post-32","page","type-page","status-publish","hentry"],"_links":{"self":[{"href":"https:\/\/samtalsomcirklar.se\/index.php?rest_route=\/wp\/v2\/pages\/32"}],"collection":[{"href":"https:\/\/samtalsomcirklar.se\/index.php?rest_route=\/wp\/v2\/pages"}],"about":[{"href":"https:\/\/samtalsomcirklar.se\/index.php?rest_route=\/wp\/v2\/types\/page"}],"author":[{"embeddable":true,"href":"https:\/\/samtalsomcirklar.se\/index.php?rest_route=\/wp\/v2\/users\/1"}],"replies":[{"embeddable":true,"href":"https:\/\/samtalsomcirklar.se\/index.php?rest_route=%2Fwp%2Fv2%2Fcomments&post=32"}],"version-history":[{"count":42,"href":"https:\/\/samtalsomcirklar.se\/index.php?rest_route=\/wp\/v2\/pages\/32\/revisions"}],"predecessor-version":[{"id":967,"href":"https:\/\/samtalsomcirklar.se\/index.php?rest_route=\/wp\/v2\/pages\/32\/revisions\/967"}],"wp:attachment":[{"href":"https:\/\/samtalsomcirklar.se\/index.php?rest_route=%2Fwp%2Fv2%2Fmedia&parent=32"}],"curies":[{"name":"wp","href":"https:\/\/api.w.org\/{rel}","templated":true}]}}